{"id":7977,"date":"2025-12-29T13:43:00","date_gmt":"2025-12-29T10:43:00","guid":{"rendered":"https:\/\/nervashem.kerenelle.com\/?page_id=7977"},"modified":"2026-01-11T11:19:56","modified_gmt":"2026-01-11T08:19:56","slug":"spanish-memorial-candle","status":"publish","type":"page","link":"https:\/\/nervashem.kerenelle.com\/en\/spanish-memorial-candle\/","title":{"rendered":"\u05d4\u05d3\u05e4\u05e1\u05ea \u05ea\u05d5\u05d5\u05d9\u05d5\u05ea \u05d1\u05e1\u05e4\u05e8\u05d3\u05d9\u05ea"},"content":{"rendered":"<div data-elementor-type=\"wp-page\" data-elementor-id=\"7977\" class=\"elementor elementor-7977\" data-elementor-post-type=\"page\">\n\t\t\t\t<div class=\"elementor-element elementor-element-49f8c48 e-con-full e-flex e-con e-parent\" data-id=\"49f8c48\" data-element_type=\"container\" data-settings=\"{&quot;background_background&quot;:&quot;video&quot;,&quot;background_video_link&quot;:&quot;https:\\\/\\\/www.youtube.com\\\/watch?v=aE85Lqwu9_Y&quot;,&quot;background_play_on_mobile&quot;:&quot;yes&quot;}\">\n\t\t<div class=\"elementor-background-video-container\">\n\t\t\t\t\t\t\t<div class=\"elementor-background-video-embed\" role=\"presentation\"><\/div>\n\t\t\t\t\t\t<\/div>\t\t<div class=\"elementor-element elementor-element-3e944d8 elementor-widget elementor-widget-html\" data-id=\"3e944d8\" data-element_type=\"widget\" data-widget_type=\"html.default\">\n\t\t\t\t\t<div class=\"custom-language-switcher\">\r\n    <a href=\"https:\/\/nervashem.kerenelle.com\/en\/home\/\" class=\"lang-link\" title=\"\u05e2\u05d1\u05e8\u05d9\u05ea\">\r\n        <img decoding=\"async\" src=\"https:\/\/flagcdn.com\/w40\/il.png\" alt=\"\u05e2\u05d1\u05e8\u05d9\u05ea\" class=\"flag-icon\">\r\n    <\/a>\r\n    \r\n    <a href=\"https:\/\/nervashem.kerenelle.com\/en\/home\" class=\"lang-link\" title=\"English\">\r\n        <img decoding=\"async\" src=\"https:\/\/flagcdn.com\/w40\/us.png\" alt=\"English\" class=\"flag-icon\">\r\n    <\/a>\r\n<\/div>\r\n\r\n<style>\r\n.custom-language-switcher {\r\n    position: fixed;\r\n    top: 20px;\r\n    left: 10%;\r\n    display: flex;\r\n    align-items: center;\r\n    gap: 8px;\r\n    width: 105px;\r\n    z-index: 9999;\r\n}\r\n\r\n.lang-link {\r\n    display: flex;\r\n    align-items: center;\r\n    justify-content: center;\r\n    text-decoration: none;\r\n    padding: 6px;\r\n    border-radius: 4px;\r\n    transition: all 0.3s ease;\r\n    background: transparent;\r\n}\r\n\r\n.lang-link:hover {\r\n    transform: translateY(-2px);\r\n}\r\n\r\n.flag-icon {\r\n    width: 90px!important;\r\n    height: 24px!important;\r\n    object-fit: cover;\r\n    border-radius: 0px;\r\n    display: block;\r\n}\r\n<\/style>\t\t\t\t<\/div>\n\t\t\t\t<div class=\"elementor-element elementor-element-0181beb elementor-widget__width-initial elementor-hidden-mobile elementor-widget elementor-widget-heading\" data-id=\"0181beb\" data-element_type=\"widget\" data-widget_type=\"heading.default\">\n\t\t\t\t\t<h1 class=\"elementor-heading-title elementor-size-default\">Encendemos una vela de recuerdo personal\n(Ner Zicaron)<\/h1>\t\t\t\t<\/div>\n\t\t\t\t<div class=\"elementor-element elementor-element-a5d6451 elementor-widget__width-initial elementor-hidden-desktop elementor-hidden-tablet elementor-widget elementor-widget-heading\" data-id=\"a5d6451\" data-element_type=\"widget\" data-widget_type=\"heading.default\">\n\t\t\t\t\t<h1 class=\"elementor-heading-title elementor-size-default\">Encendemos una vela de recuerdo personal<br>\n(Ner Zicaron)<\/h1>\t\t\t\t<\/div>\n\t\t\t\t<div class=\"elementor-element elementor-element-7693f1d elementor-widget__width-inherit elementor-widget-mobile__width-initial animated-slow elementor-invisible elementor-widget elementor-widget-heading\" data-id=\"7693f1d\" data-element_type=\"widget\" data-settings=\"{&quot;_animation&quot;:&quot;fadeInDown&quot;,&quot;_animation_delay&quot;:10}\" data-widget_type=\"heading.default\">\n\t\t\t\t\t<h2 class=\"elementor-heading-title elementor-size-default\">y recordamos el Holocausto<\/h2>\t\t\t\t<\/div>\n\t\t\t\t<\/div>\n\t\t<div class=\"elementor-element elementor-element-90eba2c e-flex e-con-boxed e-con e-parent\" data-id=\"90eba2c\" data-element_type=\"container\" data-settings=\"{&quot;background_background&quot;:&quot;classic&quot;}\">\n\t\t\t\t\t<div class=\"e-con-inner\">\n\t\t\t\t<div class=\"elementor-element elementor-element-8051c72 elementor-widget__width-initial animated-slow elementor-align-center elementor-invisible elementor-widget elementor-widget-lottie\" data-id=\"8051c72\" data-element_type=\"widget\" data-settings=\"{&quot;source_json&quot;:{&quot;url&quot;:&quot;https:\\\/\\\/nervashem.kerenelle.com\\\/wp-content\\\/uploads\\\/0XPis5pesP.json&quot;,&quot;id&quot;:41,&quot;size&quot;:&quot;&quot;,&quot;alt&quot;:&quot;&quot;,&quot;source&quot;:&quot;library&quot;},&quot;loop&quot;:&quot;yes&quot;,&quot;play_speed&quot;:{&quot;unit&quot;:&quot;px&quot;,&quot;size&quot;:0.4,&quot;sizes&quot;:[]},&quot;_animation&quot;:&quot;fadeInDown&quot;,&quot;source&quot;:&quot;media_file&quot;,&quot;caption_source&quot;:&quot;none&quot;,&quot;link_to&quot;:&quot;none&quot;,&quot;trigger&quot;:&quot;arriving_to_viewport&quot;,&quot;viewport&quot;:{&quot;unit&quot;:&quot;%&quot;,&quot;size&quot;:&quot;&quot;,&quot;sizes&quot;:{&quot;start&quot;:0,&quot;end&quot;:100}},&quot;start_point&quot;:{&quot;unit&quot;:&quot;%&quot;,&quot;size&quot;:0,&quot;sizes&quot;:[]},&quot;end_point&quot;:{&quot;unit&quot;:&quot;%&quot;,&quot;size&quot;:100,&quot;sizes&quot;:[]},&quot;renderer&quot;:&quot;svg&quot;}\" data-widget_type=\"lottie.default\">\n\t\t\t\t\t<div class=\"e-lottie__container\"><div class=\"e-lottie__animation\"><\/div><\/div>\t\t\t\t<\/div>\n\t\t\t\t<div class=\"elementor-element elementor-element-c559a95 elementor-widget-mobile__width-inherit elementor-widget elementor-widget-text-editor\" data-id=\"c559a95\" data-element_type=\"widget\" data-widget_type=\"text-editor.default\">\n\t\t\t\t\t\t\t\t\t<p>y recordamos el Holocausto<\/p>\t\t\t\t\t\t\t\t<\/div>\n\t\t\t\t<div class=\"elementor-element elementor-element-6e6d624 elementor-widget-mobile__width-inherit animated-slow elementor-invisible elementor-widget elementor-widget-text-editor\" data-id=\"6e6d624\" data-element_type=\"widget\" data-settings=\"{&quot;_animation&quot;:&quot;fadeInUp&quot;,&quot;_animation_delay&quot;:20}\" data-widget_type=\"text-editor.default\">\n\t\t\t\t\t\t\t\t\t<p>Como recordaran al Holocausto las futuras generaciones?<\/p>\t\t\t\t\t\t\t\t<\/div>\n\t\t\t\t<div class=\"elementor-element elementor-element-974eb37 elementor-widget-mobile__width-inherit elementor-widget__width-inherit elementor-widget elementor-widget-text-editor\" data-id=\"974eb37\" data-element_type=\"widget\" data-widget_type=\"text-editor.default\">\n\t\t\t\t\t\t\t\t\t<p>Este a\u00f1o, como todos los a\u00f1os, en v\u00edsperas del D\u00eda de Conmemoraci\u00f3n del Holocausto, los invitamos a unirse a miles de hogares en Israel y la di\u00e1spora, y encender una vela de recuerdo personal (Ner Zicaron) en memoria de uno de los 6 millones que perecieron. La tradici\u00f3n de encender una vela de recuerdo personal junto con familiares y amigos mientras se habla de la persona en cuya memoria se encender\u00e1 la vela conmemorativa, nos permite conocer y conectarnos en forma personal con alguien a quien su existencia quisieron borrar. De esta manera conseguiremos mantener viva su memoria, y al mismo tiempo, lograr que la memoria colectiva de los 6 millones que perecieron perdure para las generaciones venideras.<\/p><p><strong>Lamentablemente, pronto no habr\u00e1 m\u00e1s supervivientes que puedan compartir con nosotros sus historias. Depender\u00e1 s\u00f3lo de nosotros.<\/strong><\/p>\t\t\t\t\t\t\t\t<\/div>\n\t\t\t\t\t<\/div>\n\t\t\t\t<\/div>\n\t\t<div class=\"elementor-element elementor-element-83460f3 e-flex e-con-boxed e-con e-parent\" data-id=\"83460f3\" data-element_type=\"container\" data-settings=\"{&quot;background_background&quot;:&quot;classic&quot;}\">\n\t\t\t\t\t<div class=\"e-con-inner\">\n\t\t<div class=\"elementor-element elementor-element-231917b e-con-full e-flex e-con e-child\" data-id=\"231917b\" data-element_type=\"container\">\n\t\t\t\t<div class=\"elementor-element elementor-element-e4f64a5 elementor-widget__width-inherit animated-slow elementor-widget-mobile__width-initial elementor-align-center elementor-invisible elementor-widget elementor-widget-lottie\" data-id=\"e4f64a5\" data-element_type=\"widget\" data-settings=\"{&quot;source_json&quot;:{&quot;url&quot;:&quot;https:\\\/\\\/nervashem.kerenelle.com\\\/wp-content\\\/uploads\\\/0XPis5pesP.json&quot;,&quot;id&quot;:41,&quot;size&quot;:&quot;&quot;,&quot;alt&quot;:&quot;&quot;,&quot;source&quot;:&quot;library&quot;},&quot;loop&quot;:&quot;yes&quot;,&quot;play_speed&quot;:{&quot;unit&quot;:&quot;px&quot;,&quot;size&quot;:0.4,&quot;sizes&quot;:[]},&quot;_animation&quot;:&quot;fadeInDown&quot;,&quot;source&quot;:&quot;media_file&quot;,&quot;caption_source&quot;:&quot;none&quot;,&quot;link_to&quot;:&quot;none&quot;,&quot;trigger&quot;:&quot;arriving_to_viewport&quot;,&quot;viewport&quot;:{&quot;unit&quot;:&quot;%&quot;,&quot;size&quot;:&quot;&quot;,&quot;sizes&quot;:{&quot;start&quot;:0,&quot;end&quot;:100}},&quot;start_point&quot;:{&quot;unit&quot;:&quot;%&quot;,&quot;size&quot;:0,&quot;sizes&quot;:[]},&quot;end_point&quot;:{&quot;unit&quot;:&quot;%&quot;,&quot;size&quot;:100,&quot;sizes&quot;:[]},&quot;renderer&quot;:&quot;svg&quot;}\" data-widget_type=\"lottie.default\">\n\t\t\t\t\t<div class=\"e-lottie__container\"><div class=\"e-lottie__animation\"><\/div><\/div>\t\t\t\t<\/div>\n\t\t\t\t<div class=\"elementor-element elementor-element-9b0897a elementor-widget__width-initial elementor-widget elementor-widget-heading\" data-id=\"9b0897a\" data-element_type=\"widget\" data-widget_type=\"heading.default\">\n\t\t\t\t\t<h3 class=\"elementor-heading-title elementor-size-default\">Olvidar a los muertos es como matarlos por segunda vez<\/h3>\t\t\t\t<\/div>\n\t\t\t\t<div class=\"elementor-element elementor-element-d287858 elementor-widget elementor-widget-heading\" data-id=\"d287858\" data-element_type=\"widget\" data-widget_type=\"heading.default\">\n\t\t\t\t\t<p class=\"elementor-heading-title elementor-size-default\">Elie Wiesel<\/p>\t\t\t\t<\/div>\n\t\t\t\t<\/div>\n\t\t\t\t\t<\/div>\n\t\t\t\t<\/div>\n\t\t<div class=\"elementor-element elementor-element-b2405a0 e-flex e-con-boxed e-con e-parent\" data-id=\"b2405a0\" data-element_type=\"container\" data-settings=\"{&quot;background_background&quot;:&quot;classic&quot;}\">\n\t\t\t\t\t<div class=\"e-con-inner\">\n\t\t<div class=\"elementor-element elementor-element-292a8a4 e-con-full e-flex e-con e-child\" data-id=\"292a8a4\" data-element_type=\"container\">\n\t\t\t\t<div class=\"elementor-element elementor-element-ade4646 animated-slow elementor-invisible elementor-widget elementor-widget-image\" data-id=\"ade4646\" data-element_type=\"widget\" data-settings=\"{&quot;_animation&quot;:&quot;fadeInDown&quot;}\" data-widget_type=\"image.default\">\n\t\t\t\t\t\t\t\t\t\t\t\t\t\t\t<img fetchpriority=\"high\" decoding=\"async\" width=\"600\" height=\"441\" src=\"https:\/\/nervashem.kerenelle.com\/wp-content\/uploads\/\u05d4\u05d3\u05de\u05d9\u05d9\u05ea-3-\u05e0\u05e8\u05d5\u05ea-\u05e1\u05e4\u05e8\u05d3\u05d9\u05ea.webp\" class=\"attachment-large size-large wp-image-7980\" alt=\"\" srcset=\"https:\/\/nervashem.kerenelle.com\/wp-content\/uploads\/\u05d4\u05d3\u05de\u05d9\u05d9\u05ea-3-\u05e0\u05e8\u05d5\u05ea-\u05e1\u05e4\u05e8\u05d3\u05d9\u05ea.webp 600w, https:\/\/nervashem.kerenelle.com\/wp-content\/uploads\/\u05d4\u05d3\u05de\u05d9\u05d9\u05ea-3-\u05e0\u05e8\u05d5\u05ea-\u05e1\u05e4\u05e8\u05d3\u05d9\u05ea-16x12.webp 16w\" sizes=\"(max-width: 600px) 100vw, 600px\" \/>\t\t\t\t\t\t\t\t\t\t\t\t\t\t\t<\/div>\n\t\t\t\t<div class=\"elementor-element elementor-element-aec10a5 elementor-widget__width-inherit elementor-widget-mobile__width-inherit animated-slow elementor-invisible elementor-widget elementor-widget-heading\" data-id=\"aec10a5\" data-element_type=\"widget\" data-settings=\"{&quot;_animation&quot;:&quot;fadeInDown&quot;,&quot;_animation_delay&quot;:600}\" data-widget_type=\"heading.default\">\n\t\t\t\t\t<h3 class=\"elementor-heading-title elementor-size-default\">Para imprimir una etiqueta para una vela de recuerdo, descargue el archivo y seleccione la etiqueta deseada.<\/h3>\t\t\t\t<\/div>\n\t\t\t\t<div class=\"elementor-element elementor-element-b765b16 elementor-widget-divider--view-line elementor-widget elementor-widget-divider\" data-id=\"b765b16\" data-element_type=\"widget\" data-widget_type=\"divider.default\">\n\t\t\t\t\t\t\t<div class=\"elementor-divider\">\n\t\t\t<span class=\"elementor-divider-separator\">\n\t\t\t\t\t\t<\/span>\n\t\t<\/div>\n\t\t\t\t\t\t<\/div>\n\t\t\t\t<div class=\"elementor-element elementor-element-e5a249f elementor-align-center animated-slow elementor-mobile-align-center elementor-widget-mobile__width-initial elementor-invisible elementor-widget elementor-widget-button\" data-id=\"e5a249f\" data-element_type=\"widget\" data-settings=\"{&quot;_animation&quot;:&quot;fadeInUp&quot;}\" data-widget_type=\"button.default\">\n\t\t\t\t\t\t\t\t\t\t<a class=\"elementor-button elementor-button-link elementor-size-sm\" href=\"#\">\n\t\t\t\t\t\t<span class=\"elementor-button-content-wrapper\">\n\t\t\t\t\t\t\t\t\t<span class=\"elementor-button-text\">Para descargar el archivo de etiquetas en espa\u00f1ol<\/span>\n\t\t\t\t\t<\/span>\n\t\t\t\t\t<\/a>\n\t\t\t\t\t\t\t\t<\/div>\n\t\t\t\t<\/div>\n\t\t\t\t\t<\/div>\n\t\t\t\t<\/div>\n\t\t\t\t<\/div>","protected":false},"excerpt":{"rendered":"<p>Encendemos una vela de recuerdo personal (Ner Zicaron) Encendemos una vela de recuerdo personal (Ner Zicaron) y recordamos el Holocausto y recordamos el Holocausto Como recordaran al Holocausto las futuras generaciones? Este a\u00f1o, como todos los a\u00f1os, en v\u00edsperas del D\u00eda de Conmemoraci\u00f3n del Holocausto, los invitamos a unirse a miles de hogares en Israel [&hellip;]<\/p>","protected":false},"author":2,"featured_media":0,"parent":0,"menu_order":0,"comment_status":"closed","ping_status":"closed","template":"elementor_header_footer","meta":{"footnotes":""},"class_list":["post-7977","page","type-page","status-publish","hentry"],"_links":{"self":[{"href":"https:\/\/nervashem.kerenelle.com\/en\/wp-json\/wp\/v2\/pages\/7977","targetHints":{"allow":["GET"]}}],"collection":[{"href":"https:\/\/nervashem.kerenelle.com\/en\/wp-json\/wp\/v2\/pages"}],"about":[{"href":"https:\/\/nervashem.kerenelle.com\/en\/wp-json\/wp\/v2\/types\/page"}],"author":[{"embeddable":true,"href":"https:\/\/nervashem.kerenelle.com\/en\/wp-json\/wp\/v2\/users\/2"}],"replies":[{"embeddable":true,"href":"https:\/\/nervashem.kerenelle.com\/en\/wp-json\/wp\/v2\/comments?post=7977"}],"version-history":[{"count":0,"href":"https:\/\/nervashem.kerenelle.com\/en\/wp-json\/wp\/v2\/pages\/7977\/revisions"}],"wp:attachment":[{"href":"https:\/\/nervashem.kerenelle.com\/en\/wp-json\/wp\/v2\/media?parent=7977"}],"curies":[{"name":"wp","href":"https:\/\/api.w.org\/{rel}","templated":true}]}}